{"id":19,"date":"2026-03-27T17:58:18","date_gmt":"2026-03-27T17:58:18","guid":{"rendered":"https:\/\/travelio.com.pl\/?page_id=19"},"modified":"2026-04-04T13:02:27","modified_gmt":"2026-04-04T13:02:27","slug":"bergen","status":"publish","type":"page","link":"https:\/\/travelio.com.pl\/index.php\/bergen\/","title":{"rendered":"Bergen"},"content":{"rendered":"\n<div class=\"wp-block-group alignfull\" style=\"min-height:0vh;margin-top:0;margin-bottom:0;padding-top:var(--wp--preset--spacing--70);padding-right:var(--wp--preset--spacing--40);padding-bottom:var(--wp--preset--spacing--70);padding-left:var(--wp--preset--spacing--40)\"><div class=\"wp-block-group__inner-container is-layout-constrained wp-container-core-group-is-layout-0c9c989a wp-block-group-is-layout-constrained\">\n<div class=\"wp-block-group\"><div class=\"wp-block-group__inner-container is-layout-constrained wp-container-core-group-is-layout-346627ba wp-block-group-is-layout-constrained\">\n<p class=\"has-text-align-center\">Bergen nazywane jest \u201emiastem deszczu\u201d, poniewa\u017c opady wyst\u0119puj\u0105 tu przez wi\u0119kszo\u015b\u0107 roku. Charakterystyczna dzielnica Bryggen wpisana na list\u0119 UNESCO zachwyca kolorow\u0105, drewnian\u0105 zabudow\u0105. Miasto stanowi bram\u0119 do norweskich fiord\u00f3w i otoczone jest siedmioma g\u00f3rami, co czyni je idealnym miejscem dla mi\u0142o\u015bnik\u00f3w natury.<\/p>\n<\/div><\/div>\n<\/div><\/div>\n\n\n\n<div class=\"alignnormal\"><div id=\"metaslider-id-125\" style=\"width: 100%;\" class=\"ml-slider-3-107-0 metaslider metaslider-flex metaslider-125 ml-slider has-dots-nav ms-theme-default-base\" role=\"region\" aria-label=\"Bergen\" data-height=\"300\" data-width=\"700\">\n    <div id=\"metaslider_container_125\">\n        <div id=\"metaslider_125\">\n            <ul aria-live='off' class='slides'>\n                <li style=\"display: block; width: 100%;\" class=\"slide-126 ms-image \" aria-roledescription=\"slide\" data-date=\"2026-03-29 17:03:41\" data-filename=\"bergen1-700x300.jpg\" data-slide-type=\"image\"><img loading=\"lazy\" decoding=\"async\" src=\"https:\/\/travelio.com.pl\/wp-content\/uploads\/2026\/03\/bergen1-700x300.jpg\" height=\"300\" width=\"700\" alt=\"\" class=\"slider-125 slide-126 msDefaultImage\" title=\"bergen1\" \/><\/li>\n                <li style=\"display: none; width: 100%;\" class=\"slide-127 ms-image \" aria-roledescription=\"slide\" data-date=\"2026-03-29 17:03:42\" data-filename=\"bergen2-700x300.jpg\" data-slide-type=\"image\"><img loading=\"lazy\" decoding=\"async\" src=\"https:\/\/travelio.com.pl\/wp-content\/uploads\/2026\/03\/bergen2-700x300.jpg\" height=\"300\" width=\"700\" alt=\"\" class=\"slider-125 slide-127 msDefaultImage\" title=\"bergen2\" \/><\/li>\n                <li style=\"display: none; width: 100%;\" class=\"slide-128 ms-image \" aria-roledescription=\"slide\" data-date=\"2026-03-29 17:03:42\" data-filename=\"bergen3-700x300.jpg\" data-slide-type=\"image\"><img loading=\"lazy\" decoding=\"async\" src=\"https:\/\/travelio.com.pl\/wp-content\/uploads\/2026\/03\/bergen3-700x300.jpg\" height=\"300\" width=\"700\" alt=\"\" class=\"slider-125 slide-128 msDefaultImage\" title=\"bergen3\" \/><\/li>\n                <li style=\"display: none; width: 100%;\" class=\"slide-129 ms-image \" aria-roledescription=\"slide\" data-date=\"2026-03-29 17:03:42\" data-filename=\"bergen4-700x300.jpg\" data-slide-type=\"image\"><img loading=\"lazy\" decoding=\"async\" src=\"https:\/\/travelio.com.pl\/wp-content\/uploads\/2026\/03\/bergen4-700x300.jpg\" height=\"300\" width=\"700\" alt=\"\" class=\"slider-125 slide-129 msDefaultImage\" title=\"bergen4\" \/><\/li>\n                <li style=\"display: none; width: 100%;\" class=\"slide-130 ms-image \" aria-roledescription=\"slide\" data-date=\"2026-03-29 17:03:42\" data-filename=\"bergen5-700x300.jpg\" data-slide-type=\"image\"><img loading=\"lazy\" decoding=\"async\" src=\"https:\/\/travelio.com.pl\/wp-content\/uploads\/2026\/03\/bergen5-700x300.jpg\" height=\"300\" width=\"700\" alt=\"\" class=\"slider-125 slide-130 msDefaultImage\" title=\"bergen5\" \/><\/li>\n                <li style=\"display: none; width: 100%;\" class=\"slide-131 ms-image \" aria-roledescription=\"slide\" data-date=\"2026-03-29 17:03:42\" data-filename=\"bergen6-700x300.jpg\" data-slide-type=\"image\"><img loading=\"lazy\" decoding=\"async\" src=\"https:\/\/travelio.com.pl\/wp-content\/uploads\/2026\/03\/bergen6-700x300.jpg\" height=\"300\" width=\"700\" alt=\"\" class=\"slider-125 slide-131 msDefaultImage\" title=\"bergen6\" \/><\/li>\n            <\/ul>\n        <\/div>\n        \n    <\/div>\n<\/div><\/div>\n","protected":false},"excerpt":{"rendered":"<p>Bergen nazywane jest \u201emiastem deszczu\u201d, poniewa\u017c opady wyst\u0119puj\u0105 tu przez wi\u0119kszo\u015b\u0107 roku. Charakterystyczna dzielnica Bryggen wpisana na list\u0119 UNESCO zachwyca kolorow\u0105, drewnian\u0105 zabudow\u0105. Miasto stanowi bram\u0119 do norweskich fiord\u00f3w i otoczone jest siedmioma g\u00f3rami, co czyni je idealnym miejscem dla mi\u0142o\u015bnik\u00f3w natury.<\/p>\n","protected":false},"author":3,"featured_media":0,"parent":0,"menu_order":0,"comment_status":"closed","ping_status":"closed","template":"","meta":{"saved_in_kubio":true,"footnotes":""},"class_list":["post-19","page","type-page","status-publish","hentry"],"kubio_ai_page_context":{"short_desc":"","purpose":"general"},"_links":{"self":[{"href":"https:\/\/travelio.com.pl\/index.php\/wp-json\/wp\/v2\/pages\/19","targetHints":{"allow":["GET"]}}],"collection":[{"href":"https:\/\/travelio.com.pl\/index.php\/wp-json\/wp\/v2\/pages"}],"about":[{"href":"https:\/\/travelio.com.pl\/index.php\/wp-json\/wp\/v2\/types\/page"}],"author":[{"embeddable":true,"href":"https:\/\/travelio.com.pl\/index.php\/wp-json\/wp\/v2\/users\/3"}],"replies":[{"embeddable":true,"href":"https:\/\/travelio.com.pl\/index.php\/wp-json\/wp\/v2\/comments?post=19"}],"version-history":[{"count":4,"href":"https:\/\/travelio.com.pl\/index.php\/wp-json\/wp\/v2\/pages\/19\/revisions"}],"predecessor-version":[{"id":208,"href":"https:\/\/travelio.com.pl\/index.php\/wp-json\/wp\/v2\/pages\/19\/revisions\/208"}],"wp:attachment":[{"href":"https:\/\/travelio.com.pl\/index.php\/wp-json\/wp\/v2\/media?parent=19"}],"curies":[{"name":"wp","href":"https:\/\/api.w.org\/{rel}","templated":true}]}}