{"id":23,"date":"2026-03-27T18:01:56","date_gmt":"2026-03-27T18:01:56","guid":{"rendered":"https:\/\/travelio.com.pl\/?page_id=23"},"modified":"2026-03-29T17:06:16","modified_gmt":"2026-03-29T17:06:16","slug":"trondheim","status":"publish","type":"page","link":"https:\/\/travelio.com.pl\/index.php\/trondheim\/","title":{"rendered":"Trondheim"},"content":{"rendered":"\n<div class=\"wp-block-group alignfull\" style=\"min-height:0vh;margin-top:0;margin-bottom:0;padding-top:var(--wp--preset--spacing--70);padding-right:var(--wp--preset--spacing--40);padding-bottom:var(--wp--preset--spacing--70);padding-left:var(--wp--preset--spacing--40)\"><div class=\"wp-block-group__inner-container is-layout-constrained wp-container-core-group-is-layout-0c9c989a wp-block-group-is-layout-constrained\">\n<div class=\"wp-block-group\"><div class=\"wp-block-group__inner-container is-layout-constrained wp-container-core-group-is-layout-346627ba wp-block-group-is-layout-constrained\">\n<p class=\"has-text-align-center\">Trondheim to dawna stolica Norwegii o bogatej historii i wa\u017cne centrum kulturowe. Znajduje si\u0119 tu imponuj\u0105ca Nidaros Cathedral, b\u0119d\u0105ca najwi\u0119ksz\u0105 \u015bwi\u0105tyni\u0105 w kraju. Przez miasto przep\u0142ywa rzeka Nidelva, nad kt\u00f3r\u0105 stoj\u0105 charakterystyczne, kolorowe domy, a liczne uczelnie sprawiaj\u0105, \u017ce Trondheim ma silny studencki klimat.<\/p>\n<\/div><\/div>\n<\/div><\/div>\n\n\n\n<div class=\"alignnormal\"><div id=\"metaslider-id-132\" style=\"width: 100%;\" class=\"ml-slider-3-107-0 metaslider metaslider-flex metaslider-132 ml-slider has-dots-nav ms-theme-default-base\" role=\"region\" aria-label=\"Trondheim\" data-height=\"300\" data-width=\"700\">\n    <div id=\"metaslider_container_132\">\n        <div id=\"metaslider_132\">\n            <ul aria-live='off' class='slides'>\n                <li style=\"display: block; width: 100%;\" class=\"slide-133 ms-image \" aria-roledescription=\"slide\" data-date=\"2026-03-29 17:04:27\" data-filename=\"trondheim2-700x300.jpg\" data-slide-type=\"image\"><img loading=\"lazy\" decoding=\"async\" src=\"https:\/\/travelio.com.pl\/wp-content\/uploads\/2026\/03\/trondheim2-700x300.jpg\" height=\"300\" width=\"700\" alt=\"\" class=\"slider-132 slide-133 msDefaultImage\" title=\"trondheim2\" \/><\/li>\n                <li style=\"display: none; width: 100%;\" class=\"slide-134 ms-image \" aria-roledescription=\"slide\" data-date=\"2026-03-29 17:04:28\" data-filename=\"trondheim1-643x275.jpg\" data-slide-type=\"image\"><img loading=\"lazy\" decoding=\"async\" src=\"https:\/\/travelio.com.pl\/wp-content\/uploads\/2026\/03\/trondheim1-643x275.jpg\" height=\"300\" width=\"700\" alt=\"\" class=\"slider-132 slide-134 msDefaultImage\" title=\"trondheim1\" \/><\/li>\n                <li style=\"display: none; width: 100%;\" class=\"slide-135 ms-image \" aria-roledescription=\"slide\" data-date=\"2026-03-29 17:04:28\" data-filename=\"trondheim3-700x300.jpg\" data-slide-type=\"image\"><img loading=\"lazy\" decoding=\"async\" src=\"https:\/\/travelio.com.pl\/wp-content\/uploads\/2026\/03\/trondheim3-700x300.jpg\" height=\"300\" width=\"700\" alt=\"\" class=\"slider-132 slide-135 msDefaultImage\" title=\"trondheim3\" \/><\/li>\n                <li style=\"display: none; width: 100%;\" class=\"slide-136 ms-image \" aria-roledescription=\"slide\" data-date=\"2026-03-29 17:04:28\" data-filename=\"trondheim5-700x300.jpg\" data-slide-type=\"image\"><img loading=\"lazy\" decoding=\"async\" src=\"https:\/\/travelio.com.pl\/wp-content\/uploads\/2026\/03\/trondheim5-700x300.jpg\" height=\"300\" width=\"700\" alt=\"\" class=\"slider-132 slide-136 msDefaultImage\" title=\"trondheim5\" \/><\/li>\n                <li style=\"display: none; width: 100%;\" class=\"slide-137 ms-image \" aria-roledescription=\"slide\" data-date=\"2026-03-29 17:04:28\" data-filename=\"trondheim4-700x300.jpg\" data-slide-type=\"image\"><img loading=\"lazy\" decoding=\"async\" src=\"https:\/\/travelio.com.pl\/wp-content\/uploads\/2026\/03\/trondheim4-700x300.jpg\" height=\"300\" width=\"700\" alt=\"\" class=\"slider-132 slide-137 msDefaultImage\" title=\"trondheim4\" \/><\/li>\n                <li style=\"display: none; width: 100%;\" class=\"slide-138 ms-image \" aria-roledescription=\"slide\" data-date=\"2026-03-29 17:04:28\" data-filename=\"trondheim6-700x300.jpg\" data-slide-type=\"image\"><img loading=\"lazy\" decoding=\"async\" src=\"https:\/\/travelio.com.pl\/wp-content\/uploads\/2026\/03\/trondheim6-700x300.jpg\" height=\"300\" width=\"700\" alt=\"\" class=\"slider-132 slide-138 msDefaultImage\" title=\"trondheim6\" \/><\/li>\n            <\/ul>\n        <\/div>\n        \n    <\/div>\n<\/div><\/div>\n","protected":false},"excerpt":{"rendered":"<p>Trondheim to dawna stolica Norwegii o bogatej historii i wa\u017cne centrum kulturowe. Znajduje si\u0119 tu imponuj\u0105ca Nidaros Cathedral, b\u0119d\u0105ca najwi\u0119ksz\u0105 \u015bwi\u0105tyni\u0105 w kraju. Przez miasto przep\u0142ywa rzeka Nidelva, nad kt\u00f3r\u0105 stoj\u0105 charakterystyczne, kolorowe domy, a liczne uczelnie sprawiaj\u0105, \u017ce Trondheim ma silny studencki klimat.<\/p>\n","protected":false},"author":3,"featured_media":0,"parent":0,"menu_order":0,"comment_status":"closed","ping_status":"closed","template":"","meta":{"saved_in_kubio":false,"footnotes":""},"class_list":["post-23","page","type-page","status-publish","hentry"],"kubio_ai_page_context":{"short_desc":"","purpose":"general"},"_links":{"self":[{"href":"https:\/\/travelio.com.pl\/index.php\/wp-json\/wp\/v2\/pages\/23","targetHints":{"allow":["GET"]}}],"collection":[{"href":"https:\/\/travelio.com.pl\/index.php\/wp-json\/wp\/v2\/pages"}],"about":[{"href":"https:\/\/travelio.com.pl\/index.php\/wp-json\/wp\/v2\/types\/page"}],"author":[{"embeddable":true,"href":"https:\/\/travelio.com.pl\/index.php\/wp-json\/wp\/v2\/users\/3"}],"replies":[{"embeddable":true,"href":"https:\/\/travelio.com.pl\/index.php\/wp-json\/wp\/v2\/comments?post=23"}],"version-history":[{"count":2,"href":"https:\/\/travelio.com.pl\/index.php\/wp-json\/wp\/v2\/pages\/23\/revisions"}],"predecessor-version":[{"id":142,"href":"https:\/\/travelio.com.pl\/index.php\/wp-json\/wp\/v2\/pages\/23\/revisions\/142"}],"wp:attachment":[{"href":"https:\/\/travelio.com.pl\/index.php\/wp-json\/wp\/v2\/media?parent=23"}],"curies":[{"name":"wp","href":"https:\/\/api.w.org\/{rel}","templated":true}]}}