{"id":25,"date":"2026-03-27T18:03:55","date_gmt":"2026-03-27T18:03:55","guid":{"rendered":"https:\/\/travelio.com.pl\/?page_id=25"},"modified":"2026-04-04T13:05:51","modified_gmt":"2026-04-04T13:05:51","slug":"stavanger","status":"publish","type":"page","link":"https:\/\/travelio.com.pl\/index.php\/stavanger\/","title":{"rendered":"Stavanger"},"content":{"rendered":"\n<div class=\"wp-block-group alignfull\" style=\"min-height:0vh;margin-top:0;margin-bottom:0;padding-top:var(--wp--preset--spacing--70);padding-right:var(--wp--preset--spacing--40);padding-bottom:var(--wp--preset--spacing--70);padding-left:var(--wp--preset--spacing--40)\"><div class=\"wp-block-group__inner-container is-layout-constrained wp-container-core-group-is-layout-0c9c989a wp-block-group-is-layout-constrained\">\n<div class=\"wp-block-group\"><div class=\"wp-block-group__inner-container is-layout-constrained wp-container-core-group-is-layout-346627ba wp-block-group-is-layout-constrained\">\n<p class=\"has-text-align-center\">Stavanger znane jest jako centrum przemys\u0142u naftowego Norwegii i jedno z najbogatszych miast kraju. Zachwyca dobrze zachowan\u0105 star\u00f3wk\u0105 z bia\u0142ymi drewnianymi domami. To tak\u017ce popularny punkt wypadowy do s\u0142ynnej ska\u0142y Preikestolen, z kt\u00f3rej rozci\u0105gaj\u0105 si\u0119 spektakularne widoki na fiordy.<\/p>\n<\/div><\/div>\n<\/div><\/div>\n\n\n\n<div class=\"alignnormal\"><div id=\"metaslider-id-72\" style=\"width: 100%;\" class=\"ml-slider-3-107-0 metaslider metaslider-flex metaslider-72 ml-slider has-dots-nav ms-theme-default-base\" role=\"region\" aria-label=\"Stavenger\" data-height=\"300\" data-width=\"700\">\n    <div id=\"metaslider_container_72\">\n        <div id=\"metaslider_72\">\n            <ul aria-live='off' class='slides'>\n                <li style=\"display: block; width: 100%;\" class=\"slide-79 ms-image \" aria-roledescription=\"slide\" data-date=\"2026-03-29 16:56:02\" data-filename=\"stavanger6-700x300.jpg\" data-slide-type=\"image\"><img loading=\"lazy\" decoding=\"async\" src=\"https:\/\/travelio.com.pl\/wp-content\/uploads\/2026\/03\/stavanger6-700x300.jpg\" height=\"300\" width=\"700\" alt=\"\" class=\"slider-72 slide-79 msDefaultImage\" title=\"stavanger6\" \/><\/li>\n                <li style=\"display: none; width: 100%;\" class=\"slide-80 ms-image \" aria-roledescription=\"slide\" data-date=\"2026-03-29 16:56:02\" data-filename=\"stavanger5-700x300.jpg\" data-slide-type=\"image\"><img loading=\"lazy\" decoding=\"async\" src=\"https:\/\/travelio.com.pl\/wp-content\/uploads\/2026\/03\/stavanger5-700x300.jpg\" height=\"300\" width=\"700\" alt=\"\" class=\"slider-72 slide-80 msDefaultImage\" title=\"stavanger5\" \/><\/li>\n                <li style=\"display: none; width: 100%;\" class=\"slide-81 ms-image \" aria-roledescription=\"slide\" data-date=\"2026-03-29 16:56:02\" data-filename=\"stavanger4-700x300.jpg\" data-slide-type=\"image\"><img loading=\"lazy\" decoding=\"async\" src=\"https:\/\/travelio.com.pl\/wp-content\/uploads\/2026\/03\/stavanger4-700x300.jpg\" height=\"300\" width=\"700\" alt=\"\" class=\"slider-72 slide-81 msDefaultImage\" title=\"stavanger4\" \/><\/li>\n                <li style=\"display: none; width: 100%;\" class=\"slide-82 ms-image \" aria-roledescription=\"slide\" data-date=\"2026-03-29 16:56:02\" data-filename=\"stavanger3-700x300.jpg\" data-slide-type=\"image\"><img loading=\"lazy\" decoding=\"async\" src=\"https:\/\/travelio.com.pl\/wp-content\/uploads\/2026\/03\/stavanger3-700x300.jpg\" height=\"300\" width=\"700\" alt=\"\" class=\"slider-72 slide-82 msDefaultImage\" title=\"stavanger3\" \/><\/li>\n                <li style=\"display: none; width: 100%;\" class=\"slide-83 ms-image \" aria-roledescription=\"slide\" data-date=\"2026-03-29 16:56:02\" data-filename=\"stavanger2-700x300.webp\" data-slide-type=\"image\"><img loading=\"lazy\" decoding=\"async\" src=\"https:\/\/travelio.com.pl\/wp-content\/uploads\/2026\/03\/stavanger2-700x300.webp\" height=\"300\" width=\"700\" alt=\"\" class=\"slider-72 slide-83 msDefaultImage\" title=\"stavanger2\" \/><\/li>\n                <li style=\"display: none; width: 100%;\" class=\"slide-84 ms-image \" aria-roledescription=\"slide\" data-date=\"2026-03-29 16:56:02\" data-filename=\"stavanger1-700x300.jpg\" data-slide-type=\"image\"><img loading=\"lazy\" decoding=\"async\" src=\"https:\/\/travelio.com.pl\/wp-content\/uploads\/2026\/03\/stavanger1-700x300.jpg\" height=\"300\" width=\"700\" alt=\"\" class=\"slider-72 slide-84 msDefaultImage\" title=\"stavanger1\" \/><\/li>\n            <\/ul>\n        <\/div>\n        \n    <\/div>\n<\/div><\/div>\n","protected":false},"excerpt":{"rendered":"<p>Stavanger znane jest jako centrum przemys\u0142u naftowego Norwegii i jedno z najbogatszych miast kraju. Zachwyca dobrze zachowan\u0105 star\u00f3wk\u0105 z bia\u0142ymi drewnianymi domami. To tak\u017ce popularny punkt wypadowy do s\u0142ynnej ska\u0142y Preikestolen, z kt\u00f3rej rozci\u0105gaj\u0105 si\u0119 spektakularne widoki na fiordy.<\/p>\n","protected":false},"author":3,"featured_media":0,"parent":0,"menu_order":0,"comment_status":"closed","ping_status":"closed","template":"","meta":{"saved_in_kubio":true,"footnotes":""},"class_list":["post-25","page","type-page","status-publish","hentry"],"kubio_ai_page_context":{"short_desc":"","purpose":"general"},"_links":{"self":[{"href":"https:\/\/travelio.com.pl\/index.php\/wp-json\/wp\/v2\/pages\/25","targetHints":{"allow":["GET"]}}],"collection":[{"href":"https:\/\/travelio.com.pl\/index.php\/wp-json\/wp\/v2\/pages"}],"about":[{"href":"https:\/\/travelio.com.pl\/index.php\/wp-json\/wp\/v2\/types\/page"}],"author":[{"embeddable":true,"href":"https:\/\/travelio.com.pl\/index.php\/wp-json\/wp\/v2\/users\/3"}],"replies":[{"embeddable":true,"href":"https:\/\/travelio.com.pl\/index.php\/wp-json\/wp\/v2\/comments?post=25"}],"version-history":[{"count":3,"href":"https:\/\/travelio.com.pl\/index.php\/wp-json\/wp\/v2\/pages\/25\/revisions"}],"predecessor-version":[{"id":216,"href":"https:\/\/travelio.com.pl\/index.php\/wp-json\/wp\/v2\/pages\/25\/revisions\/216"}],"wp:attachment":[{"href":"https:\/\/travelio.com.pl\/index.php\/wp-json\/wp\/v2\/media?parent=25"}],"curies":[{"name":"wp","href":"https:\/\/api.w.org\/{rel}","templated":true}]}}