{"id":27,"date":"2026-03-27T18:05:16","date_gmt":"2026-03-27T18:05:16","guid":{"rendered":"https:\/\/travelio.com.pl\/?page_id=27"},"modified":"2026-04-04T13:05:14","modified_gmt":"2026-04-04T13:05:14","slug":"drammen","status":"publish","type":"page","link":"https:\/\/travelio.com.pl\/index.php\/drammen\/","title":{"rendered":"Drammen"},"content":{"rendered":"\n<div class=\"wp-block-group alignfull\" style=\"min-height:0vh;margin-top:0;margin-bottom:0;padding-top:var(--wp--preset--spacing--70);padding-right:var(--wp--preset--spacing--40);padding-bottom:var(--wp--preset--spacing--70);padding-left:var(--wp--preset--spacing--40)\"><div class=\"wp-block-group__inner-container is-layout-constrained wp-container-core-group-is-layout-0c9c989a wp-block-group-is-layout-constrained\">\n<div class=\"wp-block-group\"><div class=\"wp-block-group__inner-container is-layout-constrained wp-container-core-group-is-layout-346627ba wp-block-group-is-layout-constrained\">\n<p class=\"has-text-align-center\">Drammen przesz\u0142o ogromn\u0105 przemian\u0119 z miasta przemys\u0142owego w nowoczesne i przyjazne miejsce do \u017cycia. Przez jego centrum przep\u0142ywa rzeka Drammenselva, wok\u00f3\u0142 kt\u00f3rej powsta\u0142y estetyczne bulwary spacerowe. Jedn\u0105 z najwi\u0119kszych atrakcji jest Spiralen, prowadz\u0105cy na punkt widokowy, z kt\u00f3rego mo\u017cna podziwia\u0107 panoram\u0119 miasta.<\/p>\n<\/div><\/div>\n<\/div><\/div>\n\n\n\n<div class=\"alignnormal\"><div id=\"metaslider-id-118\" style=\"width: 100%;\" class=\"ml-slider-3-107-0 metaslider metaslider-flex metaslider-118 ml-slider has-dots-nav ms-theme-default-base\" role=\"region\" aria-label=\"Drammen\" data-height=\"300\" data-width=\"700\">\n    <div id=\"metaslider_container_118\">\n        <div id=\"metaslider_118\">\n            <ul aria-live='off' class='slides'>\n                <li style=\"display: block; width: 100%;\" class=\"slide-119 ms-image \" aria-roledescription=\"slide\" data-date=\"2026-03-29 17:02:58\" data-filename=\"drammen2-700x300.webp\" data-slide-type=\"image\"><img loading=\"lazy\" decoding=\"async\" src=\"https:\/\/travelio.com.pl\/wp-content\/uploads\/2026\/03\/drammen2-700x300.webp\" height=\"300\" width=\"700\" alt=\"\" class=\"slider-118 slide-119 msDefaultImage\" title=\"drammen2\" \/><\/li>\n                <li style=\"display: none; width: 100%;\" class=\"slide-120 ms-image \" aria-roledescription=\"slide\" data-date=\"2026-03-29 17:02:58\" data-filename=\"drammen1-700x300.jpg\" data-slide-type=\"image\"><img loading=\"lazy\" decoding=\"async\" src=\"https:\/\/travelio.com.pl\/wp-content\/uploads\/2026\/03\/drammen1-700x300.jpg\" height=\"300\" width=\"700\" alt=\"\" class=\"slider-118 slide-120 msDefaultImage\" title=\"drammen1\" \/><\/li>\n                <li style=\"display: none; width: 100%;\" class=\"slide-121 ms-image \" aria-roledescription=\"slide\" data-date=\"2026-03-29 17:02:58\" data-filename=\"drammen3-700x300.jpg\" data-slide-type=\"image\"><img loading=\"lazy\" decoding=\"async\" src=\"https:\/\/travelio.com.pl\/wp-content\/uploads\/2026\/03\/drammen3-700x300.jpg\" height=\"300\" width=\"700\" alt=\"\" class=\"slider-118 slide-121 msDefaultImage\" title=\"drammen3\" \/><\/li>\n                <li style=\"display: none; width: 100%;\" class=\"slide-122 ms-image \" aria-roledescription=\"slide\" data-date=\"2026-03-29 17:02:58\" data-filename=\"drammen5-700x300.jpg\" data-slide-type=\"image\"><img loading=\"lazy\" decoding=\"async\" src=\"https:\/\/travelio.com.pl\/wp-content\/uploads\/2026\/03\/drammen5-700x300.jpg\" height=\"300\" width=\"700\" alt=\"\" class=\"slider-118 slide-122 msDefaultImage\" title=\"drammen5\" \/><\/li>\n                <li style=\"display: none; width: 100%;\" class=\"slide-123 ms-image \" aria-roledescription=\"slide\" data-date=\"2026-03-29 17:02:58\" data-filename=\"drammen4-700x300.jpg\" data-slide-type=\"image\"><img loading=\"lazy\" decoding=\"async\" src=\"https:\/\/travelio.com.pl\/wp-content\/uploads\/2026\/03\/drammen4-700x300.jpg\" height=\"300\" width=\"700\" alt=\"\" class=\"slider-118 slide-123 msDefaultImage\" title=\"drammen4\" \/><\/li>\n                <li style=\"display: none; width: 100%;\" class=\"slide-124 ms-image \" aria-roledescription=\"slide\" data-date=\"2026-03-29 17:02:58\" data-filename=\"drammen6-700x300.jpg\" data-slide-type=\"image\"><img loading=\"lazy\" decoding=\"async\" src=\"https:\/\/travelio.com.pl\/wp-content\/uploads\/2026\/03\/drammen6-700x300.jpg\" height=\"300\" width=\"700\" alt=\"\" class=\"slider-118 slide-124 msDefaultImage\" title=\"drammen6\" \/><\/li>\n            <\/ul>\n        <\/div>\n        \n    <\/div>\n<\/div><\/div>\n","protected":false},"excerpt":{"rendered":"<p>Drammen przesz\u0142o ogromn\u0105 przemian\u0119 z miasta przemys\u0142owego w nowoczesne i przyjazne miejsce do \u017cycia. Przez jego centrum przep\u0142ywa rzeka Drammenselva, wok\u00f3\u0142 kt\u00f3rej powsta\u0142y estetyczne bulwary spacerowe. Jedn\u0105 z najwi\u0119kszych atrakcji jest Spiralen, prowadz\u0105cy na punkt widokowy, z kt\u00f3rego mo\u017cna podziwia\u0107 panoram\u0119 miasta.<\/p>\n","protected":false},"author":3,"featured_media":0,"parent":0,"menu_order":0,"comment_status":"closed","ping_status":"closed","template":"","meta":{"saved_in_kubio":true,"footnotes":""},"class_list":["post-27","page","type-page","status-publish","hentry"],"kubio_ai_page_context":{"short_desc":"","purpose":"general"},"_links":{"self":[{"href":"https:\/\/travelio.com.pl\/index.php\/wp-json\/wp\/v2\/pages\/27","targetHints":{"allow":["GET"]}}],"collection":[{"href":"https:\/\/travelio.com.pl\/index.php\/wp-json\/wp\/v2\/pages"}],"about":[{"href":"https:\/\/travelio.com.pl\/index.php\/wp-json\/wp\/v2\/types\/page"}],"author":[{"embeddable":true,"href":"https:\/\/travelio.com.pl\/index.php\/wp-json\/wp\/v2\/users\/3"}],"replies":[{"embeddable":true,"href":"https:\/\/travelio.com.pl\/index.php\/wp-json\/wp\/v2\/comments?post=27"}],"version-history":[{"count":6,"href":"https:\/\/travelio.com.pl\/index.php\/wp-json\/wp\/v2\/pages\/27\/revisions"}],"predecessor-version":[{"id":210,"href":"https:\/\/travelio.com.pl\/index.php\/wp-json\/wp\/v2\/pages\/27\/revisions\/210"}],"wp:attachment":[{"href":"https:\/\/travelio.com.pl\/index.php\/wp-json\/wp\/v2\/media?parent=27"}],"curies":[{"name":"wp","href":"https:\/\/api.w.org\/{rel}","templated":true}]}}